{"id":297,"date":"2026-03-15T16:46:01","date_gmt":"2026-03-15T15:46:01","guid":{"rendered":"https:\/\/stp-polska.pl\/?page_id=297"},"modified":"2026-03-18T10:11:51","modified_gmt":"2026-03-18T09:11:51","slug":"smart-terminale","status":"publish","type":"page","link":"https:\/\/stp-polska.pl\/en\/smart-terminale\/","title":{"rendered":"Smart Terminals"},"content":{"rendered":"<div class=\"gbp-page-header\">\n<div class=\"gbp-container-inner gbp-padding-80\">\n<h1 class=\"gb-text\">Smart Terminals<\/h1>\n\n\n\n<p class=\"gb-text\">New-generation self-service mini-payment kiosks<\/p>\n<\/div>\n<\/div>\n\n\n\n<div class=\"gbp-container-inner gbp-padding-80 gb-element-653ab83c\">\n<div>\n<p class=\"gb-text gb-text-d50c0221\">Smart terminals are self-service, state-of-the-art payment terminals that form part of the E-COM STP platform and are integrated with it.<\/p>\n\n\n\n<p class=\"gb-text gb-text-5c52429e\">These innovative mini-payment kiosks allow users to make payments to the office in a simple and intuitive way.<\/p>\n\n\n\n<p class=\"gb-text gb-text-5a37e121\">The customer selects the type of fee on the touchscreen, enters the necessary information, and completes the payment using a credit or debit card, Apple Pay, Google Pay, or BLIK. The entire process takes just a few dozen seconds, and the clerk sees an online confirmation of the payment in the central system.<\/p>\n\n\n\n<p class=\"gb-text gb-text-dd600054\">The Smart Terminal is a sleek, next-generation mobile touchscreen terminal. It runs on Android 7.1 and features a 5.45-inch touchscreen with a resolution of 1440 x 720 and a viewing angle of up to 178\u00b0.<\/p>\n\n\n\n<p class=\"gb-text gb-text-f48855cb\">Internet connectivity is provided by modern 4G technology (nano SIM) and dual-band Wi-Fi (2.4 and 5 GHz). Connectivity options also include Bluetooth 4.0 and a USB-C port (OTG). The device features a high-speed printer (up to 70 mm\/s).<\/p>\n<\/div>\n\n\n\n<div>\n<img loading=\"lazy\" decoding=\"async\" width=\"1536\" height=\"1024\" class=\"gb-media-9183f6ad\" alt=\"Samoobs\u0142ugowe miniop\u0142atomaty nowej generacji\" src=\"https:\/\/stp-polska.pl\/wp-content\/uploads\/2026\/03\/smart-terminale.webp\" srcset=\"https:\/\/stp-polska.pl\/wp-content\/uploads\/2026\/03\/smart-terminale.webp 1536w, https:\/\/stp-polska.pl\/wp-content\/uploads\/2026\/03\/smart-terminale-300x200.webp 300w, https:\/\/stp-polska.pl\/wp-content\/uploads\/2026\/03\/smart-terminale-1024x683.webp 1024w, https:\/\/stp-polska.pl\/wp-content\/uploads\/2026\/03\/smart-terminale-768x512.webp 768w, https:\/\/stp-polska.pl\/wp-content\/uploads\/2026\/03\/smart-terminale-18x12.webp 18w\" sizes=\"auto, (max-width: 1536px) 100vw, 1536px\" \/>\n<\/div>\n<\/div>\n\n\n\n<div class=\"gb-element-1efa910a\">\n<div class=\"gbp-container-inner gbp-padding-80\">\n<h2 class=\"gb-text gb-text-039f042c\">Smart terminals \u2013 <mark style=\"background-color:rgba(0, 0, 0, 0)\" class=\"has-inline-color has-custom-primary-color\">self-service mini-payment kiosks<\/mark><\/h2>\n\n\n\n<div class=\"gb-element-efe76a4c\">\n<figure class=\"wp-block-video\"><video height=\"676\" style=\"aspect-ratio: 1280 \/ 676;\" width=\"1280\" controls src=\"https:\/\/stp-polska.pl\/wp-content\/uploads\/2026\/03\/Sunmi-Stp-Polska.mp4\"><\/video><\/figure>\n<\/div>\n<\/div>\n<\/div>\n\n\n\n<div class=\"gbp-container-inner gbp-padding-80\">\n<div class=\"gbp-padding-48 gb-element-2a95bfaf\">\n<h2 class=\"gb-text gb-text-6447c7dc\">Interested in implementation?<\/h2>\n\n\n\n<p class=\"gb-text gb-text-b58bd632\">Contact us\u2014we\u2019ll provide you with a proposal tailored to your office\u2019s needs.<\/p>\n\n\n\n<a class=\"gbp-button-white\" href=\"\/en\/kontakt\/\"><span class=\"gb-text\">Contact us<\/span><span class=\"gb-shape\"><svg width=\"24\" height=\"24\" viewbox=\"0 0 24 24\" fill=\"none\" stroke=\"currentColor\" stroke-width=\"2\" stroke-linecap=\"round\" stroke-linejoin=\"round\" class=\"lucide lucide-arrow-right w-4 h-4 ml-2\"><path d=\"M5 12h14\"><\/path><path d=\"m12 5 7 7-7 7\"><\/path><\/svg><\/span><\/a>\n<\/div>\n<\/div>\n\n\n\n<div class=\"gb-element-614b4f0b\">\n<div class=\"gbp-container-inner gbp-padding-64\">\n<span class=\"gb-text gb-text-27d32f36\">See also<\/span>\n\n\n\n<h2 class=\"gb-text gb-text-5ae0f368\">Other <mark style=\"background-color:rgba(0, 0, 0, 0)\" class=\"has-inline-color has-custom-primary-color\">products<\/mark><\/h2>\n\n\n\n<div class=\"gbp-other-service\">\n<a class=\"gb-element-ee43921c gbp-item\" href=\"\/en\/e-com-stp\/\">\n<span class=\"gb-shape gbp-icon\"><svg class=\"lucide lucide-play w-5 h-5 text-primary\" stroke-linejoin=\"round\" stroke-linecap=\"round\" stroke-width=\"2\" stroke=\"currentColor\" fill=\"none\" viewbox=\"0 0 24 24\" height=\"24\" width=\"24\"><polygon points=\"6 3 20 12 6 21 6 3\"><\/polygon><\/svg><\/span>\n\n\n\n<div class=\"gbp-content\">\n<h3 class=\"gb-text\">E-COM STP<\/h3>\n\n\n\n<p class=\"gb-text\">Online payment platform for government agencies<\/p>\n<\/div>\n\n\n\n<span class=\"gb-shape gbp-arrow\"><svg width=\"24\" height=\"24\" viewbox=\"0 0 24 24\" fill=\"none\" stroke=\"currentColor\" stroke-width=\"2\" stroke-linecap=\"round\" stroke-linejoin=\"round\" class=\"lucide lucide-arrow-right w-5 h-5 text-muted-foreground group-hover:text-primary group-hover:translate-x-1 transition-all\"><path d=\"M5 12h14\"><\/path><path d=\"m12 5 7 7-7 7\"><\/path><\/svg><\/span>\n<\/a>\n\n\n\n<a class=\"gb-element-6e2433c5 gbp-item\" href=\"\/en\/platnosci-qr\/\">\n<span class=\"gb-shape gbp-icon\"><svg width=\"24\" height=\"24\" viewbox=\"0 0 24 24\" fill=\"none\" stroke=\"currentColor\" stroke-width=\"2\" stroke-linecap=\"round\" stroke-linejoin=\"round\" class=\"lucide lucide-qr-code w-6 h-6 text-primary\"><rect width=\"5\" height=\"5\" x=\"3\" y=\"3\" rx=\"1\"><\/rect><rect width=\"5\" height=\"5\" x=\"16\" y=\"3\" rx=\"1\"><\/rect><rect width=\"5\" height=\"5\" x=\"3\" y=\"16\" rx=\"1\"><\/rect><path d=\"M21 16h-3a2 2 0 0 0-2 2v3\"><\/path><path d=\"M21 21v.01\"><\/path><path d=\"M12 7v3a2 2 0 0 1-2 2H7\"><\/path><path d=\"M3 12h.01\"><\/path><path d=\"M12 3h.01\"><\/path><path d=\"M12 16v.01\"><\/path><path d=\"M16 12h1\"><\/path><path d=\"M21 12v.01\"><\/path><path d=\"M12 21v-1\"><\/path><\/svg><\/span>\n\n\n\n<div class=\"gbp-content\">\n<h3 class=\"gb-text\">QR Code Payments<\/h3>\n\n\n\n<p class=\"gb-text\">Quick payments via QR code<\/p>\n<\/div>\n\n\n\n<span class=\"gb-shape gbp-arrow\"><svg width=\"24\" height=\"24\" viewbox=\"0 0 24 24\" fill=\"none\" stroke=\"currentColor\" stroke-width=\"2\" stroke-linecap=\"round\" stroke-linejoin=\"round\" class=\"lucide lucide-arrow-right w-5 h-5 text-muted-foreground group-hover:text-primary group-hover:translate-x-1 transition-all\"><path d=\"M5 12h14\"><\/path><path d=\"m12 5 7 7-7 7\"><\/path><\/svg><\/span>\n<\/a>\n<\/div>\n<\/div>\n<\/div>","protected":false},"excerpt":{"rendered":"<p>Smart Terminale Samoobs\u0142ugowe miniop\u0142atomaty nowej generacji Smart terminale to samoobs\u0142ugowe, nowoczesne terminale p\u0142atnicze, kt\u00f3re stanowi\u0105 element platformy E-COM STP i s\u0105 z ni\u0105 zintegrowane. Te innowacyjne miniop\u0142atomaty pozwalaj\u0105 w prosty i intuicyjny spos\u00f3b dokona\u0107 p\u0142atno\u015bci na rzecz Urz\u0119du. Interesant dokonuje samodzielnie na ekranie dotykowym wyboru rodzaju op\u0142aty, podaje niezb\u0119dne dane i realizuje p\u0142atno\u015b\u0107 poprzez kart\u0119 [&hellip;]<\/p>\n","protected":false},"author":1,"featured_media":0,"parent":0,"menu_order":0,"comment_status":"closed","ping_status":"closed","template":"","meta":{"_acf_changed":false,"footnotes":""},"class_list":["post-297","page","type-page","status-publish","hentry"],"acf":[],"_links":{"self":[{"href":"https:\/\/stp-polska.pl\/en\/wp-json\/wp\/v2\/pages\/297","targetHints":{"allow":["GET"]}}],"collection":[{"href":"https:\/\/stp-polska.pl\/en\/wp-json\/wp\/v2\/pages"}],"about":[{"href":"https:\/\/stp-polska.pl\/en\/wp-json\/wp\/v2\/types\/page"}],"author":[{"embeddable":true,"href":"https:\/\/stp-polska.pl\/en\/wp-json\/wp\/v2\/users\/1"}],"replies":[{"embeddable":true,"href":"https:\/\/stp-polska.pl\/en\/wp-json\/wp\/v2\/comments?post=297"}],"version-history":[{"count":9,"href":"https:\/\/stp-polska.pl\/en\/wp-json\/wp\/v2\/pages\/297\/revisions"}],"predecessor-version":[{"id":448,"href":"https:\/\/stp-polska.pl\/en\/wp-json\/wp\/v2\/pages\/297\/revisions\/448"}],"wp:attachment":[{"href":"https:\/\/stp-polska.pl\/en\/wp-json\/wp\/v2\/media?parent=297"}],"curies":[{"name":"wp","href":"https:\/\/api.w.org\/{rel}","templated":true}]}}