{"id":295,"date":"2026-03-15T16:45:51","date_gmt":"2026-03-15T15:45:51","guid":{"rendered":"https:\/\/stp-polska.pl\/?page_id=295"},"modified":"2026-03-21T15:59:04","modified_gmt":"2026-03-21T14:59:04","slug":"platnosci-qr","status":"publish","type":"page","link":"https:\/\/stp-polska.pl\/en\/platnosci-qr\/","title":{"rendered":"QR Payments"},"content":{"rendered":"<div class=\"gbp-page-header\">\n<div class=\"gbp-container-inner gbp-padding-80\">\n<h1 class=\"gb-text\">QR CODE PAYMENTS<\/h1>\n\n\n\n<p class=\"gb-text\">Fast and convenient QR code payments at government offices<\/p>\n<\/div>\n<\/div>\n\n\n\n<div class=\"gbp-container-inner gbp-padding-80 gb-element-653ab83c\">\n<div>\n<p class=\"gb-text gb-text-5c52429e\">One of the advantages of E-COM STP and an additional convenience for taxpayers is the availability of QR codes at the Tax Office.<\/p>\n\n\n\n<p class=\"gb-text gb-text-d50c0221\">The E-COM STP platform is integrated with QR codes located throughout the Office in the form of posters and stands, which we provide to the Office as part of our partnership. Visitors scan the QR code at the Office while at the service counter or while waiting for their turn. Once scanned with a phone, the QR code redirects to the E-COM STP platform, to a specific fee or group of fees, speeding up the payment process. The entire process takes only a few dozen seconds, and the online clerk sees confirmation of the payment in the central system.<\/p>\n<\/div>\n\n\n\n<div>\n<img loading=\"lazy\" decoding=\"async\" width=\"1920\" height=\"1280\" class=\"gb-media-9183f6ad\" alt=\"Szybkie i wygodne p\u0142atno\u015bci kodem QR w urz\u0119dzie\" src=\"https:\/\/stp-polska.pl\/wp-content\/uploads\/2026\/03\/platnosci-qr.webp\" srcset=\"https:\/\/stp-polska.pl\/wp-content\/uploads\/2026\/03\/platnosci-qr.webp 1920w, https:\/\/stp-polska.pl\/wp-content\/uploads\/2026\/03\/platnosci-qr-300x200.webp 300w, https:\/\/stp-polska.pl\/wp-content\/uploads\/2026\/03\/platnosci-qr-1024x683.webp 1024w, https:\/\/stp-polska.pl\/wp-content\/uploads\/2026\/03\/platnosci-qr-768x512.webp 768w, https:\/\/stp-polska.pl\/wp-content\/uploads\/2026\/03\/platnosci-qr-1536x1024.webp 1536w, https:\/\/stp-polska.pl\/wp-content\/uploads\/2026\/03\/platnosci-qr-18x12.webp 18w\" sizes=\"auto, (max-width: 1920px) 100vw, 1920px\" \/>\n<\/div>\n<\/div>\n\n\n\n<div class=\"gb-element-1efa910a\">\n<div class=\"gbp-container-inner gbp-padding-80\">\n<h2 class=\"gb-text gb-text-039f042c\">Implementation process <mark style=\"background-color:rgba(0, 0, 0, 0)\" class=\"has-inline-color has-custom-primary-color\">transactions<\/mark><\/h2>\n\n\n\n<div class=\"gb-element-efe76a4c\">\n<figure class=\"wp-block-video\"><video height=\"1920\" style=\"aspect-ratio: 1080 \/ 1920;\" width=\"1080\" controls src=\"https:\/\/stp-polska.pl\/wp-content\/uploads\/2026\/03\/platnosc-qr-nowe.mp4\"><\/video><\/figure>\n<\/div>\n<\/div>\n\n\n\n<div class=\"gbp-container-inner gbp-padding-80\">\n<h2 class=\"gb-text gb-text-7504353f\">E-commerce \u2013 modern <mark style=\"background-color:rgba(0, 0, 0, 0)\" class=\"has-inline-color has-custom-primary-color\">payments in public offices<\/mark><\/h2>\n\n\n\n<div class=\"gb-element-8048859f\">\n<figure class=\"wp-block-video\"><video height=\"720\" style=\"aspect-ratio: 1280 \/ 720;\" width=\"1280\" controls src=\"https:\/\/stp-polska.pl\/wp-content\/uploads\/2026\/03\/E-Commerce-Stp-Polska.mp4\"><\/video><\/figure>\n<\/div>\n<\/div>\n<\/div>\n\n\n\n<div class=\"gbp-container-inner gbp-padding-80\">\n<div class=\"gbp-padding-48 gb-element-2a95bfaf\">\n<h2 class=\"gb-text gb-text-6447c7dc\">Interested in implementation?<\/h2>\n\n\n\n<p class=\"gb-text gb-text-b58bd632\">Contact us\u2014we\u2019ll provide you with a proposal tailored to your office\u2019s needs.<\/p>\n\n\n\n<a class=\"gbp-button-white\" href=\"\/en\/kontakt\/\"><span class=\"gb-text\">Contact us<\/span><span class=\"gb-shape\"><svg width=\"24\" height=\"24\" viewbox=\"0 0 24 24\" fill=\"none\" stroke=\"currentColor\" stroke-width=\"2\" stroke-linecap=\"round\" stroke-linejoin=\"round\" class=\"lucide lucide-arrow-right w-4 h-4 ml-2\"><path d=\"M5 12h14\"><\/path><path d=\"m12 5 7 7-7 7\"><\/path><\/svg><\/span><\/a>\n<\/div>\n<\/div>\n\n\n\n<div class=\"gb-element-614b4f0b\">\n<div class=\"gbp-container-inner gbp-padding-64\">\n<span class=\"gb-text gb-text-27d32f36\">See also<\/span>\n\n\n\n<h2 class=\"gb-text gb-text-5ae0f368\">Other <mark style=\"background-color:rgba(0, 0, 0, 0)\" class=\"has-inline-color has-custom-primary-color\">products<\/mark><\/h2>\n\n\n\n<div class=\"gbp-other-service\">\n<a class=\"gb-element-6e2433c5 gbp-item\" href=\"\/en\/e-com-stp\/\">\n<span class=\"gb-shape gbp-icon\"><svg class=\"lucide lucide-play w-5 h-5 text-primary\" stroke-linejoin=\"round\" stroke-linecap=\"round\" stroke-width=\"2\" stroke=\"currentColor\" fill=\"none\" viewbox=\"0 0 24 24\" height=\"24\" width=\"24\"><polygon points=\"6 3 20 12 6 21 6 3\"><\/polygon><\/svg><\/span>\n\n\n\n<div class=\"gbp-content\">\n<h3 class=\"gb-text\">E-COM STP<\/h3>\n\n\n\n<p class=\"gb-text\">Online payment platform for government agencies<\/p>\n<\/div>\n\n\n\n<span class=\"gb-shape gbp-arrow\"><svg width=\"24\" height=\"24\" viewbox=\"0 0 24 24\" fill=\"none\" stroke=\"currentColor\" stroke-width=\"2\" stroke-linecap=\"round\" stroke-linejoin=\"round\" class=\"lucide lucide-arrow-right w-5 h-5 text-muted-foreground group-hover:text-primary group-hover:translate-x-1 transition-all\"><path d=\"M5 12h14\"><\/path><path d=\"m12 5 7 7-7 7\"><\/path><\/svg><\/span>\n<\/a>\n\n\n\n<a class=\"gb-element-ee43921c gbp-item\" href=\"\/en\/smart-terminale\/\">\n<span class=\"gb-shape gbp-icon\"><svg width=\"24\" height=\"24\" viewbox=\"0 0 24 24\" fill=\"none\" stroke=\"currentColor\" stroke-width=\"2\" stroke-linecap=\"round\" stroke-linejoin=\"round\" class=\"lucide lucide-settings w-5 h-5 text-primary\"><path d=\"M12.22 2h-.44a2 2 0 0 0-2 2v.18a2 2 0 0 1-1 1.73l-.43.25a2 2 0 0 1-2 0l-.15-.08a2 2 0 0 0-2.73.73l-.22.38a2 2 0 0 0 .73 2.73l.15.1a2 2 0 0 1 1 1.72v.51a2 2 0 0 1-1 1.74l-.15.09a2 2 0 0 0-.73 2.73l.22.38a2 2 0 0 0 2.73.73l.15-.08a2 2 0 0 1 2 0l.43.25a2 2 0 0 1 1 1.73V20a2 2 0 0 0 2 2h.44a2 2 0 0 0 2-2v-.18a2 2 0 0 1 1-1.73l.43-.25a2 2 0 0 1 2 0l.15.08a2 2 0 0 0 2.73-.73l.22-.39a2 2 0 0 0-.73-2.73l-.15-.08a2 2 0 0 1-1-1.74v-.5a2 2 0 0 1 1-1.74l.15-.09a2 2 0 0 0 .73-2.73l-.22-.38a2 2 0 0 0-2.73-.73l-.15.08a2 2 0 0 1-2 0l-.43-.25a2 2 0 0 1-1-1.73V4a2 2 0 0 0-2-2z\"><\/path><circle cx=\"12\" cy=\"12\" r=\"3\"><\/circle><\/svg><\/span>\n\n\n\n<div class=\"gbp-content\">\n<h3 class=\"gb-text\">Smart Terminals<\/h3>\n\n\n\n<p class=\"gb-text\">Self-service mini-payment machines<\/p>\n<\/div>\n\n\n\n<span class=\"gb-shape gbp-arrow\"><svg width=\"24\" height=\"24\" viewbox=\"0 0 24 24\" fill=\"none\" stroke=\"currentColor\" stroke-width=\"2\" stroke-linecap=\"round\" stroke-linejoin=\"round\" class=\"lucide lucide-arrow-right w-5 h-5 text-muted-foreground group-hover:text-primary group-hover:translate-x-1 transition-all\"><path d=\"M5 12h14\"><\/path><path d=\"m12 5 7 7-7 7\"><\/path><\/svg><\/span>\n<\/a>\n<\/div>\n<\/div>\n<\/div>","protected":false},"excerpt":{"rendered":"<p>P\u0141ATNO\u015aCI QR KOD Szybkie i wygodne p\u0142atno\u015bci kodem QR w urz\u0119dzie Jednym z atut\u00f3w E-COM STP i dodatkowym u\u0142atwieniem dla p\u0142atnik\u00f3w s\u0105 dost\u0119pne w Urz\u0119dzie kody QR. Platforma E-COM STP jest zintegrowana z kodami QR zlokalizowanymi w Urz\u0119dzie w postaci plakat\u00f3w i stand\u00f3w, kt\u00f3re przygotowujemy Urz\u0119dom w ramach naszej wsp\u00f3\u0142pracy. Interesanci skanuj\u0105 kod QR w [&hellip;]<\/p>\n","protected":false},"author":1,"featured_media":0,"parent":0,"menu_order":0,"comment_status":"closed","ping_status":"closed","template":"","meta":{"_acf_changed":false,"footnotes":""},"class_list":["post-295","page","type-page","status-publish","hentry"],"acf":[],"_links":{"self":[{"href":"https:\/\/stp-polska.pl\/en\/wp-json\/wp\/v2\/pages\/295","targetHints":{"allow":["GET"]}}],"collection":[{"href":"https:\/\/stp-polska.pl\/en\/wp-json\/wp\/v2\/pages"}],"about":[{"href":"https:\/\/stp-polska.pl\/en\/wp-json\/wp\/v2\/types\/page"}],"author":[{"embeddable":true,"href":"https:\/\/stp-polska.pl\/en\/wp-json\/wp\/v2\/users\/1"}],"replies":[{"embeddable":true,"href":"https:\/\/stp-polska.pl\/en\/wp-json\/wp\/v2\/comments?post=295"}],"version-history":[{"count":10,"href":"https:\/\/stp-polska.pl\/en\/wp-json\/wp\/v2\/pages\/295\/revisions"}],"predecessor-version":[{"id":546,"href":"https:\/\/stp-polska.pl\/en\/wp-json\/wp\/v2\/pages\/295\/revisions\/546"}],"wp:attachment":[{"href":"https:\/\/stp-polska.pl\/en\/wp-json\/wp\/v2\/media?parent=295"}],"curies":[{"name":"wp","href":"https:\/\/api.w.org\/{rel}","templated":true}]}}