{"id":293,"date":"2026-03-15T16:45:40","date_gmt":"2026-03-15T15:45:40","guid":{"rendered":"https:\/\/stp-polska.pl\/?page_id=293"},"modified":"2026-03-17T21:24:48","modified_gmt":"2026-03-17T20:24:48","slug":"e-com-stp","status":"publish","type":"page","link":"https:\/\/stp-polska.pl\/en\/e-com-stp\/","title":{"rendered":"E-COM STP"},"content":{"rendered":"<div class=\"gbp-page-header\">\n<div class=\"gbp-container-inner gbp-padding-80\">\n<h1 class=\"gb-text\">E-COM STP<\/h1>\n\n\n\n<p class=\"gb-text\">An innovative payment solution for government agencies<\/p>\n<\/div>\n<\/div>\n\n\n\n<div class=\"gbp-container-inner gbp-padding-80 gb-element-653ab83c\">\n<div>\n<p class=\"gb-text gb-text-5c52429e\">E-COM STP is an innovative payment solution designed to facilitate modern cashless payments in government offices.<\/p>\n\n\n\n<p class=\"gb-text gb-text-d50c0221\">This platform allows customers and contractors to make cashless payments to the Office using their own mobile phones, via the Office\u2019s website, or through a smart terminal\u2014a mini-payment machine\u2014integrated with the platform. It is a solution designed to automate payment acceptance processes at government offices.<\/p>\n\n\n\n<p class=\"gb-text gb-text-5a37e121\">E-COM STP enables users to efficiently pay all fees owed to the Office, then consolidates payment data and presents it in online reports. The process of selecting a fee, entering data, and making a payment is intuitive and takes just a few dozen seconds.<\/p>\n<\/div>\n\n\n\n<div>\n<img loading=\"lazy\" decoding=\"async\" width=\"1920\" height=\"1280\" class=\"gb-media-9183f6ad\" alt=\"Innowacyjne rozwi\u0105zanie p\u0142atnicze dla urz\u0119d\u00f3w\" src=\"https:\/\/stp-polska.pl\/wp-content\/uploads\/2026\/03\/e-com-stp.webp\" srcset=\"https:\/\/stp-polska.pl\/wp-content\/uploads\/2026\/03\/e-com-stp.webp 1920w, https:\/\/stp-polska.pl\/wp-content\/uploads\/2026\/03\/e-com-stp-300x200.webp 300w, https:\/\/stp-polska.pl\/wp-content\/uploads\/2026\/03\/e-com-stp-1024x683.webp 1024w, https:\/\/stp-polska.pl\/wp-content\/uploads\/2026\/03\/e-com-stp-768x512.webp 768w, https:\/\/stp-polska.pl\/wp-content\/uploads\/2026\/03\/e-com-stp-1536x1024.webp 1536w, https:\/\/stp-polska.pl\/wp-content\/uploads\/2026\/03\/e-com-stp-18x12.webp 18w\" sizes=\"auto, (max-width: 1920px) 100vw, 1920px\" \/>\n<\/div>\n<\/div>\n\n\n\n<div class=\"gb-element-1efa910a\">\n<div class=\"gbp-container-inner gbp-padding-80\">\n<h2 class=\"gb-text gb-text-039f042c\">E-COM STP \u2013 an innovative solution <mark style=\"background-color:rgba(0, 0, 0, 0)\" class=\"has-inline-color has-custom-primary-color\">payment<\/mark><\/h2>\n\n\n\n<div class=\"gb-element-efe76a4c\">\n<figure class=\"wp-block-embed is-type-video is-provider-youtube wp-block-embed-youtube wp-embed-aspect-16-9 wp-has-aspect-ratio\"><div class=\"wp-block-embed__wrapper\">\n<iframe loading=\"lazy\" title=\"Polska Bezgot\u00f3wkowa\" width=\"500\" height=\"281\" src=\"https:\/\/www.youtube.com\/embed\/GUam_P-GWTs?feature=oembed\" frameborder=\"0\" allow=\"accelerometer; autoplay; clipboard-write; encrypted-media; gyroscope; picture-in-picture; web-share\" referrerpolicy=\"strict-origin-when-cross-origin\" allowfullscreen><\/iframe>\n<\/div><\/figure>\n<\/div>\n<\/div>\n<\/div>\n\n\n\n<div class=\"gbp-container-inner gbp-padding-80\">\n<div class=\"gbp-padding-48 gb-element-2a95bfaf\">\n<h2 class=\"gb-text gb-text-6447c7dc\">Interested in implementation?<\/h2>\n\n\n\n<p class=\"gb-text gb-text-b58bd632\">Contact us\u2014we\u2019ll provide you with a proposal tailored to your office\u2019s needs.<\/p>\n\n\n\n<a class=\"gbp-button-white\" href=\"\/en\/kontakt\/\"><span class=\"gb-text\">Contact us<\/span><span class=\"gb-shape\"><svg width=\"24\" height=\"24\" viewbox=\"0 0 24 24\" fill=\"none\" stroke=\"currentColor\" stroke-width=\"2\" stroke-linecap=\"round\" stroke-linejoin=\"round\" class=\"lucide lucide-arrow-right w-4 h-4 ml-2\"><path d=\"M5 12h14\"><\/path><path d=\"m12 5 7 7-7 7\"><\/path><\/svg><\/span><\/a>\n<\/div>\n<\/div>\n\n\n\n<div class=\"gb-element-614b4f0b\">\n<div class=\"gbp-container-inner gbp-padding-64\">\n<span class=\"gb-text gb-text-27d32f36\">See also<\/span>\n\n\n\n<h2 class=\"gb-text gb-text-5ae0f368\">Other <mark style=\"background-color:rgba(0, 0, 0, 0)\" class=\"has-inline-color has-custom-primary-color\">products<\/mark><\/h2>\n\n\n\n<div class=\"gbp-other-service\">\n<a class=\"gb-element-6e2433c5 gbp-item\" href=\"\/en\/platnosci-qr\/\">\n<span class=\"gb-shape gbp-icon\"><svg width=\"24\" height=\"24\" viewbox=\"0 0 24 24\" fill=\"none\" stroke=\"currentColor\" stroke-width=\"2\" stroke-linecap=\"round\" stroke-linejoin=\"round\" class=\"lucide lucide-qr-code w-6 h-6 text-primary\"><rect width=\"5\" height=\"5\" x=\"3\" y=\"3\" rx=\"1\"><\/rect><rect width=\"5\" height=\"5\" x=\"16\" y=\"3\" rx=\"1\"><\/rect><rect width=\"5\" height=\"5\" x=\"3\" y=\"16\" rx=\"1\"><\/rect><path d=\"M21 16h-3a2 2 0 0 0-2 2v3\"><\/path><path d=\"M21 21v.01\"><\/path><path d=\"M12 7v3a2 2 0 0 1-2 2H7\"><\/path><path d=\"M3 12h.01\"><\/path><path d=\"M12 3h.01\"><\/path><path d=\"M12 16v.01\"><\/path><path d=\"M16 12h1\"><\/path><path d=\"M21 12v.01\"><\/path><path d=\"M12 21v-1\"><\/path><\/svg><\/span>\n\n\n\n<div class=\"gbp-content\">\n<h3 class=\"gb-text\">QR Code Payments<\/h3>\n\n\n\n<p class=\"gb-text\">Quick payments via QR code<\/p>\n<\/div>\n\n\n\n<span class=\"gb-shape gbp-arrow\"><svg width=\"24\" height=\"24\" viewbox=\"0 0 24 24\" fill=\"none\" stroke=\"currentColor\" stroke-width=\"2\" stroke-linecap=\"round\" stroke-linejoin=\"round\" class=\"lucide lucide-arrow-right w-5 h-5 text-muted-foreground group-hover:text-primary group-hover:translate-x-1 transition-all\"><path d=\"M5 12h14\"><\/path><path d=\"m12 5 7 7-7 7\"><\/path><\/svg><\/span>\n<\/a>\n\n\n\n<a class=\"gb-element-ee43921c gbp-item\" href=\"\/en\/smart-terminale\/\">\n<span class=\"gb-shape gbp-icon\"><svg width=\"24\" height=\"24\" viewbox=\"0 0 24 24\" fill=\"none\" stroke=\"currentColor\" stroke-width=\"2\" stroke-linecap=\"round\" stroke-linejoin=\"round\" class=\"lucide lucide-settings w-5 h-5 text-primary\"><path d=\"M12.22 2h-.44a2 2 0 0 0-2 2v.18a2 2 0 0 1-1 1.73l-.43.25a2 2 0 0 1-2 0l-.15-.08a2 2 0 0 0-2.73.73l-.22.38a2 2 0 0 0 .73 2.73l.15.1a2 2 0 0 1 1 1.72v.51a2 2 0 0 1-1 1.74l-.15.09a2 2 0 0 0-.73 2.73l.22.38a2 2 0 0 0 2.73.73l.15-.08a2 2 0 0 1 2 0l.43.25a2 2 0 0 1 1 1.73V20a2 2 0 0 0 2 2h.44a2 2 0 0 0 2-2v-.18a2 2 0 0 1 1-1.73l.43-.25a2 2 0 0 1 2 0l.15.08a2 2 0 0 0 2.73-.73l.22-.39a2 2 0 0 0-.73-2.73l-.15-.08a2 2 0 0 1-1-1.74v-.5a2 2 0 0 1 1-1.74l.15-.09a2 2 0 0 0 .73-2.73l-.22-.38a2 2 0 0 0-2.73-.73l-.15.08a2 2 0 0 1-2 0l-.43-.25a2 2 0 0 1-1-1.73V4a2 2 0 0 0-2-2z\"><\/path><circle cx=\"12\" cy=\"12\" r=\"3\"><\/circle><\/svg><\/span>\n\n\n\n<div class=\"gbp-content\">\n<h3 class=\"gb-text\">Smart Terminals<\/h3>\n\n\n\n<p class=\"gb-text\">Self-service mini-payment machines<\/p>\n<\/div>\n\n\n\n<span class=\"gb-shape gbp-arrow\"><svg width=\"24\" height=\"24\" viewbox=\"0 0 24 24\" fill=\"none\" stroke=\"currentColor\" stroke-width=\"2\" stroke-linecap=\"round\" stroke-linejoin=\"round\" class=\"lucide lucide-arrow-right w-5 h-5 text-muted-foreground group-hover:text-primary group-hover:translate-x-1 transition-all\"><path d=\"M5 12h14\"><\/path><path d=\"m12 5 7 7-7 7\"><\/path><\/svg><\/span>\n<\/a>\n<\/div>\n<\/div>\n<\/div>","protected":false},"excerpt":{"rendered":"<p>E-COM STP Innowacyjne rozwi\u0105zanie p\u0142atnicze dla urz\u0119d\u00f3w E-COM STP to innowacyjne rozwi\u0105zanie p\u0142atnicze stworzone z my\u015bl\u0105 o budowaniu nowoczesnych p\u0142atno\u015bci bezgot\u00f3wkowych w Urz\u0119dach. To platforma, dzi\u0119ki kt\u00f3rej Interesanci i kontrahenci mog\u0105 realizowa\u0107 p\u0142atno\u015bci bezgot\u00f3wkowe na rzecz Urz\u0119du z wykorzystaniem w\u0142asnego telefonu kom\u00f3rkowego, poprzez stron\u0119 www urz\u0119du lub poprzez zintegrowany z platform\u0105 smart terminal \u2013 miniop\u0142atomat. [&hellip;]<\/p>\n","protected":false},"author":1,"featured_media":0,"parent":0,"menu_order":0,"comment_status":"closed","ping_status":"closed","template":"","meta":{"_acf_changed":false,"footnotes":""},"class_list":["post-293","page","type-page","status-publish","hentry"],"acf":[],"_links":{"self":[{"href":"https:\/\/stp-polska.pl\/en\/wp-json\/wp\/v2\/pages\/293","targetHints":{"allow":["GET"]}}],"collection":[{"href":"https:\/\/stp-polska.pl\/en\/wp-json\/wp\/v2\/pages"}],"about":[{"href":"https:\/\/stp-polska.pl\/en\/wp-json\/wp\/v2\/types\/page"}],"author":[{"embeddable":true,"href":"https:\/\/stp-polska.pl\/en\/wp-json\/wp\/v2\/users\/1"}],"replies":[{"embeddable":true,"href":"https:\/\/stp-polska.pl\/en\/wp-json\/wp\/v2\/comments?post=293"}],"version-history":[{"count":10,"href":"https:\/\/stp-polska.pl\/en\/wp-json\/wp\/v2\/pages\/293\/revisions"}],"predecessor-version":[{"id":430,"href":"https:\/\/stp-polska.pl\/en\/wp-json\/wp\/v2\/pages\/293\/revisions\/430"}],"wp:attachment":[{"href":"https:\/\/stp-polska.pl\/en\/wp-json\/wp\/v2\/media?parent=293"}],"curies":[{"name":"wp","href":"https:\/\/api.w.org\/{rel}","templated":true}]}}