{"id":285,"date":"2026-03-15T16:43:50","date_gmt":"2026-03-15T15:43:50","guid":{"rendered":"https:\/\/stp-polska.pl\/?page_id=285"},"modified":"2026-03-24T09:58:26","modified_gmt":"2026-03-24T08:58:26","slug":"szpitale","status":"publish","type":"page","link":"https:\/\/stp-polska.pl\/en\/szpitale\/","title":{"rendered":"Hospitals"},"content":{"rendered":"<div class=\"gbp-page-header\">\n<div class=\"gbp-container-inner gbp-padding-80\">\n<h1 class=\"gb-text\">Hospitals<\/h1>\n\n\n\n<p class=\"gb-text\">Digitalization and cashless payments for the healthcare sector<\/p>\n<\/div>\n<\/div>\n\n\n\n<div>\n<div class=\"gbp-container-inner gbp-padding-80\">\n<h2 class=\"gb-text gb-text-039f042c\">What is <mark style=\"background-color:rgba(0, 0, 0, 0)\" class=\"has-inline-color has-custom-primary-color\">the E-COM STP Platform?<\/mark><\/h2>\n\n\n\n<p class=\"gb-text gb-text-09d42753\">It is an intuitive payment platform that allows the patient to <strong>quickly<\/strong> and <strong>independently<\/strong> make payments without logging in.<\/p>\n<\/div>\n<\/div>\n\n\n\n<div class=\"gb-element-67b945b4\">\n<div class=\"gbp-container-inner gbp-padding-80\">\n<h2 class=\"gb-text gb-text-94762040\">How does the patient make <mark style=\"background-color:rgba(0, 0, 0, 0)\" class=\"has-inline-color has-custom-primary-color\">a payment?<\/mark><\/h2>\n\n\n\n<div class=\"gb-element-898a2cbb\">\n<div class=\"gb-element-53935666\">\n<div class=\"gb-element-c15c025e gbp-icon-container\">\n<span class=\"gb-shape gb-shape-1a7f04af\"><svg class=\"lucide lucide-qr-code w-8 h-8 text-primary\" stroke-linejoin=\"round\" stroke-linecap=\"round\" stroke-width=\"2\" stroke=\"currentColor\" fill=\"none\" viewbox=\"0 0 24 24\" height=\"24\" width=\"24\"><rect rx=\"1\" y=\"3\" x=\"3\" height=\"5\" width=\"5\"><\/rect><rect rx=\"1\" y=\"3\" x=\"16\" height=\"5\" width=\"5\"><\/rect><rect rx=\"1\" y=\"16\" x=\"3\" height=\"5\" width=\"5\"><\/rect><path d=\"M21 16h-3a2 2 0 0 0-2 2v3\"><\/path><path d=\"M21 21v.01\"><\/path><path d=\"M12 7v3a2 2 0 0 1-2 2H7\"><\/path><path d=\"M3 12h.01\"><\/path><path d=\"M12 3h.01\"><\/path><path d=\"M12 16v.01\"><\/path><path d=\"M16 12h1\"><\/path><path d=\"M21 12v.01\"><\/path><path d=\"M12 21v-1\"><\/path><\/svg><\/span>\n<\/div>\n\n\n\n<h3 class=\"gb-text gb-text-ca2de4d7\">By scanning the QR code<\/h3>\n\n\n\n<p class=\"gb-text gb-text-710d45f7\">available at the service counter in the medical facility<\/p>\n<\/div>\n\n\n\n<div class=\"gb-element-4585a9a7\">\n<div class=\"gb-element-452c77f2 gbp-icon-container\">\n<span class=\"gb-shape gb-shape-c5acd741\"><svg class=\"lucide lucide-globe w-8 h-8 text-primary\" stroke-linejoin=\"round\" stroke-linecap=\"round\" stroke-width=\"2\" stroke=\"currentColor\" fill=\"none\" viewbox=\"0 0 24 24\" height=\"24\" width=\"24\"><circle r=\"10\" cy=\"12\" cx=\"12\"><\/circle><path d=\"M12 2a14.5 14.5 0 0 0 0 20 14.5 14.5 0 0 0 0-20\"><\/path><path d=\"M2 12h20\"><\/path><\/svg><\/span>\n<\/div>\n\n\n\n<h3 class=\"gb-text gb-text-e008c2fb\">By visiting the official website of the medical facility.<\/h3>\n\n\n\n<p class=\"gb-text gb-text-7b704ff9\">and paying the amount due online 24\/7<\/p>\n<\/div>\n\n\n\n<div class=\"gb-element-600fd4f9\">\n<div class=\"gb-element-911275de gbp-icon-container\">\n<span class=\"gb-shape gb-shape-83eedc26\"><svg class=\"lucide lucide-monitor w-8 h-8 text-primary\" stroke-linejoin=\"round\" stroke-linecap=\"round\" stroke-width=\"2\" stroke=\"currentColor\" fill=\"none\" viewbox=\"0 0 24 24\" height=\"24\" width=\"24\"><rect rx=\"2\" y=\"3\" x=\"2\" height=\"14\" width=\"20\"><\/rect><line y2=\"21\" y1=\"21\" x2=\"16\" x1=\"8\"><\/line><line y2=\"21\" y1=\"17\" x2=\"12\" x1=\"12\"><\/line><\/svg><\/span>\n<\/div>\n\n\n\n<h3 class=\"gb-text gb-text-b4dd5bd6\">Using the payment kiosk<\/h3>\n\n\n\n<p class=\"gb-text gb-text-0342599d\">a touchscreen terminal that allows you to complete the payment yourself and receive a confirmation<\/p>\n<\/div>\n<\/div>\n<\/div>\n<\/div>\n\n\n\n<div>\n<div class=\"gbp-container-inner gbp-padding-80\">\n<h2 class=\"gb-text gb-text-cf7f23cb\">Why <mark style=\"background-color:rgba(0, 0, 0, 0)\" class=\"has-inline-color has-custom-primary-color\">is it worth it?<\/mark><\/h2>\n\n\n\n<div class=\"gb-element-e4d73fd1\">\n<div class=\"gb-element-1ff1068a\">\n<div class=\"gb-element-59821dc4 gbp-icon-container\">\n<span class=\"gb-shape gb-shape-7c8f9448\"><svg width=\"24\" height=\"24\" viewbox=\"0 0 24 24\" fill=\"none\" stroke=\"currentColor\" stroke-width=\"2\" stroke-linecap=\"round\" stroke-linejoin=\"round\" class=\"lucide lucide-circle-check w-5 h-5 text-primary\"><circle cx=\"12\" cy=\"12\" r=\"10\"><\/circle><path d=\"m9 12 2 2 4-4\"><\/path><\/svg><\/span>\n<\/div>\n\n\n\n<div>\n<p class=\"gb-text gb-text-55167a4b\"><strong>Easy and intuitive<\/strong> operation<\/p>\n<\/div>\n<\/div>\n\n\n\n<div class=\"gb-element-3b116022\">\n<div class=\"gb-element-b89dbbb5 gbp-icon-container\">\n<span class=\"gb-shape gb-shape-256620c3\"><svg width=\"24\" height=\"24\" viewbox=\"0 0 24 24\" fill=\"none\" stroke=\"currentColor\" stroke-width=\"2\" stroke-linecap=\"round\" stroke-linejoin=\"round\" class=\"lucide lucide-circle-check w-5 h-5 text-primary\"><circle cx=\"12\" cy=\"12\" r=\"10\"><\/circle><path d=\"m9 12 2 2 4-4\"><\/path><\/svg><\/span>\n<\/div>\n\n\n\n<div>\n<p class=\"gb-text gb-text-7f8b0ac2\"><strong>One system for<\/strong> all official payments and organizational units.<\/p>\n<\/div>\n<\/div>\n\n\n\n<div class=\"gb-element-6f600943\">\n<div class=\"gb-element-2c9c4a53 gbp-icon-container\">\n<span class=\"gb-shape gb-shape-80a0bd70\"><svg width=\"24\" height=\"24\" viewbox=\"0 0 24 24\" fill=\"none\" stroke=\"currentColor\" stroke-width=\"2\" stroke-linecap=\"round\" stroke-linejoin=\"round\" class=\"lucide lucide-circle-check w-5 h-5 text-primary\"><circle cx=\"12\" cy=\"12\" r=\"10\"><\/circle><path d=\"m9 12 2 2 4-4\"><\/path><\/svg><\/span>\n<\/div>\n\n\n\n<div>\n<p class=\"gb-text gb-text-21dd72ac\"><strong>Proven in<\/strong> many local government units.<\/p>\n<\/div>\n<\/div>\n\n\n\n<div class=\"gb-element-9062834c\">\n<div class=\"gb-element-e7dfb6f4 gbp-icon-container\">\n<span class=\"gb-shape gb-shape-067f9e65\"><svg width=\"24\" height=\"24\" viewbox=\"0 0 24 24\" fill=\"none\" stroke=\"currentColor\" stroke-width=\"2\" stroke-linecap=\"round\" stroke-linejoin=\"round\" class=\"lucide lucide-circle-check w-5 h-5 text-primary\"><circle cx=\"12\" cy=\"12\" r=\"10\"><\/circle><path d=\"m9 12 2 2 4-4\"><\/path><\/svg><\/span>\n<\/div>\n\n\n\n<div>\n<p class=\"gb-text gb-text-30aeaa46\"><strong>Real-time payment confirmation<\/strong> \u2013 for both the patient and medical staff.<\/p>\n<\/div>\n<\/div>\n\n\n\n<div class=\"gb-element-e69ea2a8\">\n<div class=\"gb-element-7ce6a62b gbp-icon-container\">\n<span class=\"gb-shape gb-shape-8075921a\"><svg width=\"24\" height=\"24\" viewbox=\"0 0 24 24\" fill=\"none\" stroke=\"currentColor\" stroke-width=\"2\" stroke-linecap=\"round\" stroke-linejoin=\"round\" class=\"lucide lucide-circle-check w-5 h-5 text-primary\"><circle cx=\"12\" cy=\"12\" r=\"10\"><\/circle><path d=\"m9 12 2 2 4-4\"><\/path><\/svg><\/span>\n<\/div>\n\n\n\n<div>\n<p class=\"gb-text gb-text-0311e55a\"><strong>No commission fee<\/strong> for e-commerce payments<\/p>\n<\/div>\n<\/div>\n\n\n\n<div class=\"gb-element-f9511156\">\n<div class=\"gb-element-bdfb4f6e gbp-icon-container\">\n<span class=\"gb-shape gb-shape-abe7ff94\"><svg width=\"24\" height=\"24\" viewbox=\"0 0 24 24\" fill=\"none\" stroke=\"currentColor\" stroke-width=\"2\" stroke-linecap=\"round\" stroke-linejoin=\"round\" class=\"lucide lucide-circle-check w-5 h-5 text-primary\"><circle cx=\"12\" cy=\"12\" r=\"10\"><\/circle><path d=\"m9 12 2 2 4-4\"><\/path><\/svg><\/span>\n<\/div>\n\n\n\n<div>\n<p class=\"gb-text gb-text-a27ea54e\"><strong>Clear reports and transactions.<\/strong> available in dedicated formats<\/p>\n<\/div>\n<\/div>\n<\/div>\n<\/div>\n<\/div>\n\n\n\n<div class=\"gb-element-b77c95c7\">\n<div class=\"gbp-container-inner gbp-padding-80 gb-element-72ae161f\">\n<span class=\"gb-shape gb-shape-1d973113\"><svg width=\"24\" height=\"24\" viewbox=\"0 0 24 24\" fill=\"none\" stroke=\"currentColor\" stroke-width=\"2\" stroke-linecap=\"round\" stroke-linejoin=\"round\" class=\"lucide lucide-hospital w-7 h-7 md:w-8 md:h-8 text-primary\"><path d=\"M12 6v4\"><\/path><path d=\"M14 14h-4\"><\/path><path d=\"M14 18h-4\"><\/path><path d=\"M14 8h-4\"><\/path><path d=\"M18 12h2a2 2 0 0 1 2 2v6a2 2 0 0 1-2 2H4a2 2 0 0 1-2-2v-9a2 2 0 0 1 2-2h2\"><\/path><path d=\"M18 22V4a2 2 0 0 0-2-2H8a2 2 0 0 0-2 2v18\"><\/path><\/svg><\/span>\n\n\n\n<h2 class=\"gb-text gb-text-c4dbac5d\">Interested in <mark style=\"background-color:rgba(0, 0, 0, 0)\" class=\"has-inline-color has-custom-primary-color\">implementation?<\/mark><\/h2>\n\n\n\n<p class=\"gb-text gb-text-789a9b81\">Contact us to learn more about implementing cashless payments in your medical facility.<\/p>\n\n\n\n<div class=\"gb-element-4e4c9662\">\n<a class=\"gb-text gbp-button-green\" href=\"\/en\/kontakt\/\">Contact with us<\/a>\n\n\n\n<a class=\"gb-text gbp-button-border\" href=\"\/en\/e-com-stp\/\">Discover the E-COM STP Platform<\/a>\n<\/div>\n<\/div>\n<\/div>","protected":false},"excerpt":{"rendered":"<p>Szpitale Cyfryzacja i p\u0142atno\u015bci bezgot\u00f3wkowe dla sektora medycznego Czym jest Platforma E-COM STP? To intuicyjna platforma p\u0142atnicza, dzi\u0119ki kt\u00f3rej pacjent mo\u017ce szybko i samodzielnie dokona\u0107 op\u0142at &#8211; bez logowania. Jak pacjent dokonuje p\u0142atno\u015bci? Skanuj\u0105c kod QR dost\u0119pny przy okienku w plac\u00f3wce medycznej Wchodzi na oficjaln\u0105 stron\u0119 plac\u00f3wki medycznej i op\u0142aca nale\u017cno\u015b\u0107 online 24\/7 Korzysta z [&hellip;]<\/p>\n","protected":false},"author":1,"featured_media":0,"parent":0,"menu_order":0,"comment_status":"closed","ping_status":"closed","template":"","meta":{"_acf_changed":false,"footnotes":""},"class_list":["post-285","page","type-page","status-publish","hentry"],"acf":[],"_links":{"self":[{"href":"https:\/\/stp-polska.pl\/en\/wp-json\/wp\/v2\/pages\/285","targetHints":{"allow":["GET"]}}],"collection":[{"href":"https:\/\/stp-polska.pl\/en\/wp-json\/wp\/v2\/pages"}],"about":[{"href":"https:\/\/stp-polska.pl\/en\/wp-json\/wp\/v2\/types\/page"}],"author":[{"embeddable":true,"href":"https:\/\/stp-polska.pl\/en\/wp-json\/wp\/v2\/users\/1"}],"replies":[{"embeddable":true,"href":"https:\/\/stp-polska.pl\/en\/wp-json\/wp\/v2\/comments?post=285"}],"version-history":[{"count":4,"href":"https:\/\/stp-polska.pl\/en\/wp-json\/wp\/v2\/pages\/285\/revisions"}],"predecessor-version":[{"id":563,"href":"https:\/\/stp-polska.pl\/en\/wp-json\/wp\/v2\/pages\/285\/revisions\/563"}],"wp:attachment":[{"href":"https:\/\/stp-polska.pl\/en\/wp-json\/wp\/v2\/media?parent=285"}],"curies":[{"name":"wp","href":"https:\/\/api.w.org\/{rel}","templated":true}]}}