{"id":283,"date":"2026-03-15T16:43:39","date_gmt":"2026-03-15T15:43:39","guid":{"rendered":"https:\/\/stp-polska.pl\/?page_id=283"},"modified":"2026-04-02T08:49:25","modified_gmt":"2026-04-02T06:49:25","slug":"jednostki-koscielne","status":"publish","type":"page","link":"https:\/\/stp-polska.pl\/en\/jednostki-koscielne\/","title":{"rendered":"Church Units"},"content":{"rendered":"<div class=\"gbp-page-header\">\n<div class=\"gbp-container-inner gbp-padding-80\">\n<h1 class=\"gb-text\">Church Units<\/h1>\n\n\n\n<p class=\"gb-text\">Digitalization and cashless payments for parishes and church institutions<\/p>\n<\/div>\n<\/div>\n\n\n\n<div>\n<div class=\"gbp-container-inner gbp-padding-80\">\n<h2 class=\"gb-text gb-text-039f042c\">What is <mark style=\"background-color:rgba(0, 0, 0, 0)\" class=\"has-inline-color has-custom-primary-color\">the E-COM STP Platform?<\/mark><\/h2>\n\n\n\n<p class=\"gb-text gb-text-09d42753\">It is a payment platform that allows the faithful to make payments to the parish independently, without logging in.<\/p>\n<\/div>\n<\/div>\n\n\n\n<div class=\"gb-element-67b945b4\">\n<div class=\"gbp-container-inner gbp-padding-80\">\n<h2 class=\"gb-text gb-text-94762040\">How can I make <mark style=\"background-color:rgba(0, 0, 0, 0)\" class=\"has-inline-color has-custom-primary-color\">a payment?<\/mark><\/h2>\n\n\n\n<div class=\"gb-element-898a2cbb\">\n<div class=\"gb-element-53935666\">\n<div class=\"gb-element-c15c025e gbp-icon-container\">\n<span class=\"gb-shape gb-shape-1a7f04af\"><svg class=\"lucide lucide-qr-code w-8 h-8 text-primary\" stroke-linejoin=\"round\" stroke-linecap=\"round\" stroke-width=\"2\" stroke=\"currentColor\" fill=\"none\" viewbox=\"0 0 24 24\" height=\"24\" width=\"24\"><rect rx=\"1\" y=\"3\" x=\"3\" height=\"5\" width=\"5\"><\/rect><rect rx=\"1\" y=\"3\" x=\"16\" height=\"5\" width=\"5\"><\/rect><rect rx=\"1\" y=\"16\" x=\"3\" height=\"5\" width=\"5\"><\/rect><path d=\"M21 16h-3a2 2 0 0 0-2 2v3\"><\/path><path d=\"M21 21v.01\"><\/path><path d=\"M12 7v3a2 2 0 0 1-2 2H7\"><\/path><path d=\"M3 12h.01\"><\/path><path d=\"M12 3h.01\"><\/path><path d=\"M12 16v.01\"><\/path><path d=\"M16 12h1\"><\/path><path d=\"M21 12v.01\"><\/path><path d=\"M12 21v-1\"><\/path><\/svg><\/span>\n<\/div>\n\n\n\n<h3 class=\"gb-text gb-text-ca2de4d7\">By scanning the QR code<\/h3>\n\n\n\n<p class=\"gb-text gb-text-710d45f7\">placed at the entrance or in appropriate locations within the church space<\/p>\n<\/div>\n\n\n\n<div class=\"gb-element-4585a9a7\">\n<div class=\"gb-element-452c77f2 gbp-icon-container\">\n<span class=\"gb-shape gb-shape-c5acd741\"><svg class=\"lucide lucide-globe w-8 h-8 text-primary\" stroke-linejoin=\"round\" stroke-linecap=\"round\" stroke-width=\"2\" stroke=\"currentColor\" fill=\"none\" viewbox=\"0 0 24 24\" height=\"24\" width=\"24\"><circle r=\"10\" cy=\"12\" cx=\"12\"><\/circle><path d=\"M12 2a14.5 14.5 0 0 0 0 20 14.5 14.5 0 0 0 0-20\"><\/path><path d=\"M2 12h20\"><\/path><\/svg><\/span>\n<\/div>\n\n\n\n<h3 class=\"gb-text gb-text-e008c2fb\">By entering the parish\u2019s official website<\/h3>\n\n\n\n<p class=\"gb-text gb-text-7b704ff9\">and paying the amount due online 24\/7<\/p>\n<\/div>\n\n\n\n<div class=\"gb-element-600fd4f9\">\n<div class=\"gb-element-911275de gbp-icon-container\">\n<span class=\"gb-shape gb-shape-83eedc26\"><svg class=\"lucide lucide-monitor w-8 h-8 text-primary\" stroke-linejoin=\"round\" stroke-linecap=\"round\" stroke-width=\"2\" stroke=\"currentColor\" fill=\"none\" viewbox=\"0 0 24 24\" height=\"24\" width=\"24\"><rect rx=\"2\" y=\"3\" x=\"2\" height=\"14\" width=\"20\"><\/rect><line y2=\"21\" y1=\"21\" x2=\"16\" x1=\"8\"><\/line><line y2=\"21\" y1=\"17\" x2=\"12\" x1=\"12\"><\/line><\/svg><\/span>\n<\/div>\n\n\n\n<h3 class=\"gb-text gb-text-b4dd5bd6\">Using the payment kiosk<\/h3>\n\n\n\n<p class=\"gb-text gb-text-0342599d\">a touchscreen terminal that allows you to complete the payment yourself and receive a confirmation<\/p>\n<\/div>\n<\/div>\n\n\n\n<div class=\"gb-element-efe76a4c\">\n<figure class=\"wp-block-video\"><video height=\"1080\" style=\"aspect-ratio: 1920 \/ 1080;\" width=\"1920\" controls src=\"https:\/\/stp-polska.pl\/wp-content\/uploads\/2026\/04\/jednostki-koscielne.mp4\"><\/video><\/figure>\n<\/div>\n<\/div>\n<\/div>\n\n\n\n<div>\n<div class=\"gbp-container-inner gbp-padding-80\">\n<h2 class=\"gb-text gb-text-cf7f23cb\">Why <mark style=\"background-color:rgba(0, 0, 0, 0)\" class=\"has-inline-color has-custom-primary-color\">is it worth it?<\/mark><\/h2>\n\n\n\n<div class=\"gb-element-e4d73fd1\">\n<div class=\"gb-element-1ff1068a\">\n<div class=\"gb-element-59821dc4 gbp-icon-container\">\n<span class=\"gb-shape gb-shape-7c8f9448\"><svg width=\"24\" height=\"24\" viewbox=\"0 0 24 24\" fill=\"none\" stroke=\"currentColor\" stroke-width=\"2\" stroke-linecap=\"round\" stroke-linejoin=\"round\" class=\"lucide lucide-circle-check w-5 h-5 text-primary\"><circle cx=\"12\" cy=\"12\" r=\"10\"><\/circle><path d=\"m9 12 2 2 4-4\"><\/path><\/svg><\/span>\n<\/div>\n\n\n\n<div>\n<p class=\"gb-text gb-text-55167a4b\"><strong>Easy and intuitive<\/strong> operation<\/p>\n<\/div>\n<\/div>\n\n\n\n<div class=\"gb-element-3b116022\">\n<div class=\"gb-element-b89dbbb5 gbp-icon-container\">\n<span class=\"gb-shape gb-shape-256620c3\"><svg width=\"24\" height=\"24\" viewbox=\"0 0 24 24\" fill=\"none\" stroke=\"currentColor\" stroke-width=\"2\" stroke-linecap=\"round\" stroke-linejoin=\"round\" class=\"lucide lucide-circle-check w-5 h-5 text-primary\"><circle cx=\"12\" cy=\"12\" r=\"10\"><\/circle><path d=\"m9 12 2 2 4-4\"><\/path><\/svg><\/span>\n<\/div>\n\n\n\n<div>\n<p class=\"gb-text gb-text-7f8b0ac2\"><strong>Confirmation<\/strong> received in real time<\/p>\n<\/div>\n<\/div>\n\n\n\n<div class=\"gb-element-6f600943\">\n<div class=\"gb-element-2c9c4a53 gbp-icon-container\">\n<span class=\"gb-shape gb-shape-80a0bd70\"><svg width=\"24\" height=\"24\" viewbox=\"0 0 24 24\" fill=\"none\" stroke=\"currentColor\" stroke-width=\"2\" stroke-linecap=\"round\" stroke-linejoin=\"round\" class=\"lucide lucide-circle-check w-5 h-5 text-primary\"><circle cx=\"12\" cy=\"12\" r=\"10\"><\/circle><path d=\"m9 12 2 2 4-4\"><\/path><\/svg><\/span>\n<\/div>\n\n\n\n<div>\n<p class=\"gb-text gb-text-21dd72ac\"><strong>Proven in<\/strong> many municipalities across Poland<\/p>\n<\/div>\n<\/div>\n\n\n\n<div class=\"gb-element-9062834c\">\n<div class=\"gb-element-e7dfb6f4 gbp-icon-container\">\n<span class=\"gb-shape gb-shape-067f9e65\"><svg width=\"24\" height=\"24\" viewbox=\"0 0 24 24\" fill=\"none\" stroke=\"currentColor\" stroke-width=\"2\" stroke-linecap=\"round\" stroke-linejoin=\"round\" class=\"lucide lucide-circle-check w-5 h-5 text-primary\"><circle cx=\"12\" cy=\"12\" r=\"10\"><\/circle><path d=\"m9 12 2 2 4-4\"><\/path><\/svg><\/span>\n<\/div>\n\n\n\n<div>\n<p class=\"gb-text gb-text-30aeaa46\"><strong>Transactions and reports<\/strong> transparent and easily accessible<\/p>\n<\/div>\n<\/div>\n\n\n\n<div class=\"gb-element-e69ea2a8\">\n<div class=\"gb-element-7ce6a62b gbp-icon-container\">\n<span class=\"gb-shape gb-shape-8075921a\"><svg width=\"24\" height=\"24\" viewbox=\"0 0 24 24\" fill=\"none\" stroke=\"currentColor\" stroke-width=\"2\" stroke-linecap=\"round\" stroke-linejoin=\"round\" class=\"lucide lucide-circle-check w-5 h-5 text-primary\"><circle cx=\"12\" cy=\"12\" r=\"10\"><\/circle><path d=\"m9 12 2 2 4-4\"><\/path><\/svg><\/span>\n<\/div>\n\n\n\n<div>\n<p class=\"gb-text gb-text-0311e55a\"><strong>No commission fee<\/strong> for payments within the Polish Cashless Foundation<\/p>\n<\/div>\n<\/div>\n\n\n\n<div class=\"gb-element-f9511156\">\n<div class=\"gb-element-bdfb4f6e gbp-icon-container\">\n<span class=\"gb-shape gb-shape-abe7ff94\"><svg width=\"24\" height=\"24\" viewbox=\"0 0 24 24\" fill=\"none\" stroke=\"currentColor\" stroke-width=\"2\" stroke-linecap=\"round\" stroke-linejoin=\"round\" class=\"lucide lucide-circle-check w-5 h-5 text-primary\"><circle cx=\"12\" cy=\"12\" r=\"10\"><\/circle><path d=\"m9 12 2 2 4-4\"><\/path><\/svg><\/span>\n<\/div>\n\n\n\n<div>\n<p class=\"gb-text gb-text-a27ea54e\"><strong>Subtle QR codes<\/strong> small and discreet, blending into the church space<\/p>\n<\/div>\n<\/div>\n<\/div>\n<\/div>\n<\/div>\n\n\n\n<div class=\"gb-element-b77c95c7\">\n<div class=\"gbp-container-inner gbp-padding-80 gb-element-72ae161f\">\n<span class=\"gb-shape gb-shape-1d973113\"><svg width=\"24\" height=\"24\" viewbox=\"0 0 24 24\" fill=\"none\" stroke=\"currentColor\" stroke-width=\"2\" stroke-linecap=\"round\" stroke-linejoin=\"round\" class=\"lucide lucide-church w-12 h-12 text-primary mx-auto\"><path d=\"M10 9h4\"><\/path><path d=\"M12 7v5\"><\/path><path d=\"M14 22v-4a2 2 0 0 0-4 0v4\"><\/path><path d=\"M18 22V5.618a1 1 0 0 0-.553-.894l-4.553-2.277a2 2 0 0 0-1.788 0L6.553 4.724A1 1 0 0 0 6 5.618V22\"><\/path><path d=\"m18 7 3.447 1.724a1 1 0 0 1 .553.894V20a2 2 0 0 1-2 2H4a2 2 0 0 1-2-2V9.618a1 1 0 0 1 .553-.894L6 7\"><\/path><\/svg><\/span>\n\n\n\n<h2 class=\"gb-text gb-text-c4dbac5d\">Interested in <mark style=\"background-color:rgba(0, 0, 0, 0)\" class=\"has-inline-color has-custom-primary-color\">implementation?<\/mark><\/h2>\n\n\n\n<p class=\"gb-text gb-text-789a9b81\">Contact us to learn more about implementing cashless payments in your parish.<\/p>\n\n\n\n<div class=\"gb-element-4e4c9662\">\n<a class=\"gb-text gbp-button-green\" href=\"\/en\/kontakt\/\">Contact with us<\/a>\n\n\n\n<a class=\"gb-text gbp-button-border\" href=\"\/en\/e-com-stp\/\">Discover the E-COM STP Platform<\/a>\n<\/div>\n<\/div>\n<\/div>","protected":false},"excerpt":{"rendered":"<p>Jednostki Ko\u015bcielne Cyfryzacja i p\u0142atno\u015bci bezgot\u00f3wkowe dla parafii i instytucji ko\u015bcielnych Czym jest Platforma E-COM STP? To platforma p\u0142atnicza, dzi\u0119ki kt\u00f3rej wierni mog\u0105 bez logowania samodzielnie dokona\u0107 op\u0142at na rzecz parafii. Jak mo\u017cna dokona\u0107 wp\u0142aty? Skanuj\u0105c kod QR umieszczony przy wej\u015bciu lub w odpowiednich miejscach w przestrzeni ko\u015bcio\u0142a Wchodz\u0105c na oficjaln\u0105 stron\u0119 parafii i op\u0142acaj\u0105c [&hellip;]<\/p>\n","protected":false},"author":1,"featured_media":0,"parent":0,"menu_order":0,"comment_status":"closed","ping_status":"closed","template":"","meta":{"_acf_changed":false,"footnotes":""},"class_list":["post-283","page","type-page","status-publish","hentry"],"acf":[],"_links":{"self":[{"href":"https:\/\/stp-polska.pl\/en\/wp-json\/wp\/v2\/pages\/283","targetHints":{"allow":["GET"]}}],"collection":[{"href":"https:\/\/stp-polska.pl\/en\/wp-json\/wp\/v2\/pages"}],"about":[{"href":"https:\/\/stp-polska.pl\/en\/wp-json\/wp\/v2\/types\/page"}],"author":[{"embeddable":true,"href":"https:\/\/stp-polska.pl\/en\/wp-json\/wp\/v2\/users\/1"}],"replies":[{"embeddable":true,"href":"https:\/\/stp-polska.pl\/en\/wp-json\/wp\/v2\/comments?post=283"}],"version-history":[{"count":10,"href":"https:\/\/stp-polska.pl\/en\/wp-json\/wp\/v2\/pages\/283\/revisions"}],"predecessor-version":[{"id":618,"href":"https:\/\/stp-polska.pl\/en\/wp-json\/wp\/v2\/pages\/283\/revisions\/618"}],"wp:attachment":[{"href":"https:\/\/stp-polska.pl\/en\/wp-json\/wp\/v2\/media?parent=283"}],"curies":[{"name":"wp","href":"https:\/\/api.w.org\/{rel}","templated":true}]}}