{"id":279,"date":"2026-03-15T16:43:18","date_gmt":"2026-03-15T15:43:18","guid":{"rendered":"https:\/\/stp-polska.pl\/?page_id=279"},"modified":"2026-03-21T16:14:41","modified_gmt":"2026-03-21T15:14:41","slug":"sektor-publiczny","status":"publish","type":"page","link":"https:\/\/stp-polska.pl\/en\/sektor-publiczny\/","title":{"rendered":"Public Sector"},"content":{"rendered":"<div class=\"gbp-page-header\">\n<div class=\"gbp-container-inner gbp-padding-80\">\n<h1 class=\"gb-text\">Public Sector<\/h1>\n\n\n\n<p class=\"gb-text\">Digitalization and cashless payments for the public sector<\/p>\n<\/div>\n<\/div>\n\n\n\n<div>\n<div class=\"gbp-container-inner gbp-padding-80\">\n<h2 class=\"gb-text gb-text-039f042c\">What is <mark style=\"background-color:rgba(0, 0, 0, 0)\" class=\"has-inline-color has-custom-primary-color\">the E-COM STP Platform?<\/mark><\/h2>\n\n\n\n<p class=\"gb-text gb-text-09d42753\">It is a payment platform that allows residents to <strong>quickly<\/strong> and <strong>independently<\/strong> pay official fees \u2013 without logging in.<\/p>\n\n\n\n<div class=\"gb-element-504083ca\">\n<a class=\"gb-element-50b4771c\" href=\"\/en\/e-com-stp\/\">\n<div class=\"gb-element-204fee7c\">\n<img loading=\"lazy\" decoding=\"async\" width=\"1920\" height=\"1280\" class=\"gb-media-4a61d3c9\" alt=\"E-COM STP\" src=\"https:\/\/stp-polska.pl\/wp-content\/uploads\/2026\/03\/e-com-stp.webp\" srcset=\"https:\/\/stp-polska.pl\/wp-content\/uploads\/2026\/03\/e-com-stp.webp 1920w, https:\/\/stp-polska.pl\/wp-content\/uploads\/2026\/03\/e-com-stp-300x200.webp 300w, https:\/\/stp-polska.pl\/wp-content\/uploads\/2026\/03\/e-com-stp-1024x683.webp 1024w, https:\/\/stp-polska.pl\/wp-content\/uploads\/2026\/03\/e-com-stp-768x512.webp 768w, https:\/\/stp-polska.pl\/wp-content\/uploads\/2026\/03\/e-com-stp-1536x1024.webp 1536w, https:\/\/stp-polska.pl\/wp-content\/uploads\/2026\/03\/e-com-stp-18x12.webp 18w\" sizes=\"auto, (max-width: 1920px) 100vw, 1920px\" \/>\n<\/div>\n\n\n\n<div class=\"gb-element-1e87ad0f\">\n<h3 class=\"gb-text-dfac8b27\"><span class=\"gb-shape\"><svg width=\"24\" height=\"24\" viewbox=\"0 0 24 24\" fill=\"none\" stroke=\"currentColor\" stroke-width=\"2\" stroke-linecap=\"round\" stroke-linejoin=\"round\" class=\"lucide lucide-play w-5 h-5 text-primary\"><polygon points=\"6 3 20 12 6 21 6 3\"><\/polygon><\/svg><\/span><span class=\"gb-text\">E-COM STP<\/span><\/h3>\n\n\n\n<p class=\"gb-text gb-text-17319d1e\">Online payment platform<\/p>\n\n\n\n<span class=\"gbp-button-simple\"><span class=\"gb-text\">Learn more<\/span><span class=\"gb-shape\"><svg width=\"24\" height=\"24\" viewbox=\"0 0 24 24\" fill=\"none\" stroke=\"currentColor\" stroke-width=\"2\" stroke-linecap=\"round\" stroke-linejoin=\"round\" class=\"lucide lucide-arrow-right w-4 h-4\"><path d=\"M5 12h14\"><\/path><path d=\"m12 5 7 7-7 7\"><\/path><\/svg><\/span><\/span>\n<\/div>\n<\/a>\n\n\n\n<a class=\"gb-element-378dcb9c\" href=\"\/en\/platnosci-qr\/\">\n<div class=\"gb-element-e36c1207\">\n<img loading=\"lazy\" decoding=\"async\" width=\"1920\" height=\"1280\" class=\"gb-media-f5940db5\" alt=\"P\u0142atno\u015bci QR\" src=\"https:\/\/stp-polska.pl\/wp-content\/uploads\/2026\/03\/platnosci-qr.webp\" srcset=\"https:\/\/stp-polska.pl\/wp-content\/uploads\/2026\/03\/platnosci-qr.webp 1920w, https:\/\/stp-polska.pl\/wp-content\/uploads\/2026\/03\/platnosci-qr-300x200.webp 300w, https:\/\/stp-polska.pl\/wp-content\/uploads\/2026\/03\/platnosci-qr-1024x683.webp 1024w, https:\/\/stp-polska.pl\/wp-content\/uploads\/2026\/03\/platnosci-qr-768x512.webp 768w, https:\/\/stp-polska.pl\/wp-content\/uploads\/2026\/03\/platnosci-qr-1536x1024.webp 1536w, https:\/\/stp-polska.pl\/wp-content\/uploads\/2026\/03\/platnosci-qr-18x12.webp 18w\" sizes=\"auto, (max-width: 1920px) 100vw, 1920px\" \/>\n<\/div>\n\n\n\n<div class=\"gb-element-cc2dc671\">\n<h3 class=\"gb-text-bc80e39e\"><span class=\"gb-shape\"><svg width=\"24\" height=\"24\" viewbox=\"0 0 24 24\" fill=\"none\" stroke=\"currentColor\" stroke-width=\"2\" stroke-linecap=\"round\" stroke-linejoin=\"round\" class=\"lucide lucide-qr-code w-5 h-5 text-primary\"><rect width=\"5\" height=\"5\" x=\"3\" y=\"3\" rx=\"1\"><\/rect><rect width=\"5\" height=\"5\" x=\"16\" y=\"3\" rx=\"1\"><\/rect><rect width=\"5\" height=\"5\" x=\"3\" y=\"16\" rx=\"1\"><\/rect><path d=\"M21 16h-3a2 2 0 0 0-2 2v3\"><\/path><path d=\"M21 21v.01\"><\/path><path d=\"M12 7v3a2 2 0 0 1-2 2H7\"><\/path><path d=\"M3 12h.01\"><\/path><path d=\"M12 3h.01\"><\/path><path d=\"M12 16v.01\"><\/path><path d=\"M16 12h1\"><\/path><path d=\"M21 12v.01\"><\/path><path d=\"M12 21v-1\"><\/path><\/svg><\/span><span class=\"gb-text\">QR PAYMENTS<\/span><\/h3>\n\n\n\n<p class=\"gb-text gb-text-015aa7c6\">Quick payments via QR code<\/p>\n\n\n\n<span class=\"gbp-button-simple\"><span class=\"gb-text\">Learn more<\/span><span class=\"gb-shape\"><svg width=\"24\" height=\"24\" viewbox=\"0 0 24 24\" fill=\"none\" stroke=\"currentColor\" stroke-width=\"2\" stroke-linecap=\"round\" stroke-linejoin=\"round\" class=\"lucide lucide-arrow-right w-4 h-4\"><path d=\"M5 12h14\"><\/path><path d=\"m12 5 7 7-7 7\"><\/path><\/svg><\/span><\/span>\n<\/div>\n<\/a>\n\n\n\n<a class=\"gb-element-fad0cd6d\" href=\"\/en\/smart-terminale\/\">\n<div class=\"gb-element-81e7547f\">\n<img loading=\"lazy\" decoding=\"async\" width=\"1536\" height=\"1024\" class=\"gb-media-6287e9ef\" alt=\"Smart Terminale\" src=\"https:\/\/stp-polska.pl\/wp-content\/uploads\/2026\/03\/smart-terminale.webp\" srcset=\"https:\/\/stp-polska.pl\/wp-content\/uploads\/2026\/03\/smart-terminale.webp 1536w, https:\/\/stp-polska.pl\/wp-content\/uploads\/2026\/03\/smart-terminale-300x200.webp 300w, https:\/\/stp-polska.pl\/wp-content\/uploads\/2026\/03\/smart-terminale-1024x683.webp 1024w, https:\/\/stp-polska.pl\/wp-content\/uploads\/2026\/03\/smart-terminale-768x512.webp 768w, https:\/\/stp-polska.pl\/wp-content\/uploads\/2026\/03\/smart-terminale-18x12.webp 18w\" sizes=\"auto, (max-width: 1536px) 100vw, 1536px\" \/>\n<\/div>\n\n\n\n<div class=\"gb-element-536e7378\">\n<h3 class=\"gb-text-61574f0f\"><span class=\"gb-shape\"><svg width=\"24\" height=\"24\" viewbox=\"0 0 24 24\" fill=\"none\" stroke=\"currentColor\" stroke-width=\"2\" stroke-linecap=\"round\" stroke-linejoin=\"round\" class=\"lucide lucide-settings w-5 h-5 text-primary\"><path d=\"M12.22 2h-.44a2 2 0 0 0-2 2v.18a2 2 0 0 1-1 1.73l-.43.25a2 2 0 0 1-2 0l-.15-.08a2 2 0 0 0-2.73.73l-.22.38a2 2 0 0 0 .73 2.73l.15.1a2 2 0 0 1 1 1.72v.51a2 2 0 0 1-1 1.74l-.15.09a2 2 0 0 0-.73 2.73l.22.38a2 2 0 0 0 2.73.73l.15-.08a2 2 0 0 1 2 0l.43.25a2 2 0 0 1 1 1.73V20a2 2 0 0 0 2 2h.44a2 2 0 0 0 2-2v-.18a2 2 0 0 1 1-1.73l.43-.25a2 2 0 0 1 2 0l.15.08a2 2 0 0 0 2.73-.73l.22-.39a2 2 0 0 0-.73-2.73l-.15-.08a2 2 0 0 1-1-1.74v-.5a2 2 0 0 1 1-1.74l.15-.09a2 2 0 0 0 .73-2.73l-.22-.38a2 2 0 0 0-2.73-.73l-.15.08a2 2 0 0 1-2 0l-.43-.25a2 2 0 0 1-1-1.73V4a2 2 0 0 0-2-2z\"><\/path><circle cx=\"12\" cy=\"12\" r=\"3\"><\/circle><\/svg><\/span><span class=\"gb-text\">SMART TERMINALS<\/span><\/h3>\n\n\n\n<p class=\"gb-text gb-text-c9d9ed3e\">Self-service mini-payment machines<\/p>\n\n\n\n<span class=\"gbp-button-simple\"><span class=\"gb-text\">Learn more<\/span><span class=\"gb-shape\"><svg width=\"24\" height=\"24\" viewbox=\"0 0 24 24\" fill=\"none\" stroke=\"currentColor\" stroke-width=\"2\" stroke-linecap=\"round\" stroke-linejoin=\"round\" class=\"lucide lucide-arrow-right w-4 h-4\"><path d=\"M5 12h14\"><\/path><path d=\"m12 5 7 7-7 7\"><\/path><\/svg><\/span><\/span>\n<\/div>\n<\/a>\n<\/div>\n<\/div>\n<\/div>\n\n\n\n<div class=\"gb-element-67b945b4\">\n<div class=\"gbp-container-inner gbp-padding-80\">\n<h2 class=\"gb-text gb-text-94762040\">How can I make <mark style=\"background-color:rgba(0, 0, 0, 0)\" class=\"has-inline-color has-custom-primary-color\">a payment?<\/mark><\/h2>\n\n\n\n<div class=\"gb-element-898a2cbb\">\n<div class=\"gb-element-53935666\">\n<div class=\"gb-element-c15c025e gbp-icon-container\">\n<span class=\"gb-shape gb-shape-1a7f04af\"><svg width=\"24\" height=\"24\" viewbox=\"0 0 24 24\" fill=\"none\" stroke=\"currentColor\" stroke-width=\"2\" stroke-linecap=\"round\" stroke-linejoin=\"round\" class=\"lucide lucide-qr-code w-8 h-8 text-primary\"><rect width=\"5\" height=\"5\" x=\"3\" y=\"3\" rx=\"1\"><\/rect><rect width=\"5\" height=\"5\" x=\"16\" y=\"3\" rx=\"1\"><\/rect><rect width=\"5\" height=\"5\" x=\"3\" y=\"16\" rx=\"1\"><\/rect><path d=\"M21 16h-3a2 2 0 0 0-2 2v3\"><\/path><path d=\"M21 21v.01\"><\/path><path d=\"M12 7v3a2 2 0 0 1-2 2H7\"><\/path><path d=\"M3 12h.01\"><\/path><path d=\"M12 3h.01\"><\/path><path d=\"M12 16v.01\"><\/path><path d=\"M16 12h1\"><\/path><path d=\"M21 12v.01\"><\/path><path d=\"M12 21v-1\"><\/path><\/svg><\/span>\n<\/div>\n\n\n\n<h3 class=\"gb-text gb-text-ca2de4d7\">By scanning the QR code<\/h3>\n\n\n\n<p class=\"gb-text gb-text-710d45f7\">available at the counter at the office<\/p>\n<\/div>\n\n\n\n<div class=\"gb-element-4585a9a7\">\n<div class=\"gb-element-452c77f2 gbp-icon-container\">\n<span class=\"gb-shape gb-shape-c5acd741\"><svg width=\"24\" height=\"24\" viewbox=\"0 0 24 24\" fill=\"none\" stroke=\"currentColor\" stroke-width=\"2\" stroke-linecap=\"round\" stroke-linejoin=\"round\" class=\"lucide lucide-globe w-8 h-8 text-primary\"><circle cx=\"12\" cy=\"12\" r=\"10\"><\/circle><path d=\"M12 2a14.5 14.5 0 0 0 0 20 14.5 14.5 0 0 0 0-20\"><\/path><path d=\"M2 12h20\"><\/path><\/svg><\/span>\n<\/div>\n\n\n\n<h3 class=\"gb-text gb-text-e008c2fb\">By visiting the agency\u2019s official website<\/h3>\n\n\n\n<p class=\"gb-text gb-text-7b704ff9\">and paying the amount due online 24\/7<\/p>\n<\/div>\n\n\n\n<div class=\"gb-element-600fd4f9\">\n<div class=\"gb-element-911275de gbp-icon-container\">\n<span class=\"gb-shape gb-shape-83eedc26\"><svg width=\"24\" height=\"24\" viewbox=\"0 0 24 24\" fill=\"none\" stroke=\"currentColor\" stroke-width=\"2\" stroke-linecap=\"round\" stroke-linejoin=\"round\" class=\"lucide lucide-monitor w-8 h-8 text-primary\"><rect width=\"20\" height=\"14\" x=\"2\" y=\"3\" rx=\"2\"><\/rect><line x1=\"8\" x2=\"16\" y1=\"21\" y2=\"21\"><\/line><line x1=\"12\" x2=\"12\" y1=\"17\" y2=\"21\"><\/line><\/svg><\/span>\n<\/div>\n\n\n\n<h3 class=\"gb-text gb-text-b4dd5bd6\">Using the payment kiosk<\/h3>\n\n\n\n<p class=\"gb-text gb-text-0342599d\">a touchscreen terminal that allows you to complete the payment yourself and receive a confirmation<\/p>\n<\/div>\n<\/div>\n<\/div>\n<\/div>\n\n\n\n<div>\n<div class=\"gbp-container-inner gbp-padding-80\">\n<div class=\"gb-element-e4d73fd1\">\n<div>\n<h2 class=\"gb-text gb-text-cf7f23cb\">Benefits for <mark style=\"background-color:rgba(0, 0, 0, 0)\" class=\"has-inline-color has-custom-primary-color\">residents<\/mark><\/h2>\n\n\n\n<div class=\"gb-element-1ff1068a\">\n<div class=\"gb-element-59821dc4 gbp-icon-container\">\n<span class=\"gb-shape gb-shape-7c8f9448\"><svg class=\"lucide lucide-circle-check w-5 h-5 text-primary\" stroke-linejoin=\"round\" stroke-linecap=\"round\" stroke-width=\"2\" stroke=\"currentColor\" fill=\"none\" viewbox=\"0 0 24 24\" height=\"24\" width=\"24\"><circle r=\"10\" cy=\"12\" cx=\"12\"><\/circle><path d=\"m9 12 2 2 4-4\"><\/path><\/svg><\/span>\n<\/div>\n\n\n\n<div>\n<p class=\"gb-text gb-text-55167a4b\"><strong>Time savings<\/strong> \u2013 a simple and intuitive way to pay the administrative fee: online via the local government\u2019s website; at the office counter or in line<\/p>\n<\/div>\n<\/div>\n\n\n\n<div class=\"gb-element-3b116022\">\n<div class=\"gb-element-b89dbbb5 gbp-icon-container\">\n<span class=\"gb-shape gb-shape-256620c3\"><svg class=\"lucide lucide-circle-check w-5 h-5 text-primary\" stroke-linejoin=\"round\" stroke-linecap=\"round\" stroke-width=\"2\" stroke=\"currentColor\" fill=\"none\" viewbox=\"0 0 24 24\" height=\"24\" width=\"24\"><circle r=\"10\" cy=\"12\" cx=\"12\"><\/circle><path d=\"m9 12 2 2 4-4\"><\/path><\/svg><\/span>\n<\/div>\n\n\n\n<div>\n<p class=\"gb-text gb-text-7f8b0ac2\"><strong>Faster service <\/strong>\u2013 quick and comprehensive handling of official matters without having to leave the service counter to go to the cashier or payment machine<\/p>\n<\/div>\n<\/div>\n\n\n\n<div class=\"gb-element-6f600943\">\n<div class=\"gb-element-2c9c4a53 gbp-icon-container\">\n<span class=\"gb-shape gb-shape-80a0bd70\"><svg class=\"lucide lucide-circle-check w-5 h-5 text-primary\" stroke-linejoin=\"round\" stroke-linecap=\"round\" stroke-width=\"2\" stroke=\"currentColor\" fill=\"none\" viewbox=\"0 0 24 24\" height=\"24\" width=\"24\"><circle r=\"10\" cy=\"12\" cx=\"12\"><\/circle><path d=\"m9 12 2 2 4-4\"><\/path><\/svg><\/span>\n<\/div>\n\n\n\n<div>\n<p class=\"gb-text gb-text-21dd72ac\"><strong>A modern payment method<\/strong> \u2013 meeting the needs of the younger generation \/ amenities for the older generation<\/p>\n<\/div>\n<\/div>\n\n\n\n<div class=\"gb-element-9062834c\">\n<div class=\"gb-element-e7dfb6f4 gbp-icon-container\">\n<span class=\"gb-shape gb-shape-067f9e65\"><svg class=\"lucide lucide-circle-check w-5 h-5 text-primary\" stroke-linejoin=\"round\" stroke-linecap=\"round\" stroke-width=\"2\" stroke=\"currentColor\" fill=\"none\" viewbox=\"0 0 24 24\" height=\"24\" width=\"24\"><circle r=\"10\" cy=\"12\" cx=\"12\"><\/circle><path d=\"m9 12 2 2 4-4\"><\/path><\/svg><\/span>\n<\/div>\n\n\n\n<div>\n<p class=\"gb-text gb-text-30aeaa46\"><strong>Confirmation<\/strong> of online payment immediately after payment is processed<\/p>\n<\/div>\n<\/div>\n\n\n\n<div class=\"gb-element-e69ea2a8\">\n<div class=\"gb-element-7ce6a62b gbp-icon-container\">\n<span class=\"gb-shape gb-shape-8075921a\"><svg class=\"lucide lucide-circle-check w-5 h-5 text-primary\" stroke-linejoin=\"round\" stroke-linecap=\"round\" stroke-width=\"2\" stroke=\"currentColor\" fill=\"none\" viewbox=\"0 0 24 24\" height=\"24\" width=\"24\"><circle r=\"10\" cy=\"12\" cx=\"12\"><\/circle><path d=\"m9 12 2 2 4-4\"><\/path><\/svg><\/span>\n<\/div>\n\n\n\n<div>\n<p class=\"gb-text gb-text-0311e55a\"><strong>Minimizing errors<\/strong> \u2013 The resident selects the type of payment; they do not need to enter an account number or agency details<\/p>\n<\/div>\n<\/div>\n\n\n\n<div class=\"gb-element-f9511156\">\n<div class=\"gb-element-bdfb4f6e gbp-icon-container\">\n<span class=\"gb-shape gb-shape-abe7ff94\"><svg class=\"lucide lucide-circle-check w-5 h-5 text-primary\" stroke-linejoin=\"round\" stroke-linecap=\"round\" stroke-width=\"2\" stroke=\"currentColor\" fill=\"none\" viewbox=\"0 0 24 24\" height=\"24\" width=\"24\"><circle r=\"10\" cy=\"12\" cx=\"12\"><\/circle><path d=\"m9 12 2 2 4-4\"><\/path><\/svg><\/span>\n<\/div>\n\n\n\n<div>\n<p class=\"gb-text gb-text-a27ea54e\"><strong>A self-service and intuitive process<\/strong><\/p>\n<\/div>\n<\/div>\n<\/div>\n\n\n\n<div>\n<h2 class=\"gb-text gb-text-52d8ae88\">Benefits for <mark style=\"background-color:rgba(0, 0, 0, 0)\" class=\"has-inline-color has-custom-primary-color\">local government unit<\/mark><\/h2>\n\n\n\n<div class=\"gb-element-1202df47\">\n<div class=\"gb-element-9414089b gbp-icon-container\">\n<span class=\"gb-shape gb-shape-f62f4f50\"><svg class=\"lucide lucide-circle-check w-5 h-5 text-primary\" stroke-linejoin=\"round\" stroke-linecap=\"round\" stroke-width=\"2\" stroke=\"currentColor\" fill=\"none\" viewbox=\"0 0 24 24\" height=\"24\" width=\"24\"><circle r=\"10\" cy=\"12\" cx=\"12\"><\/circle><path d=\"m9 12 2 2 4-4\"><\/path><\/svg><\/span>\n<\/div>\n\n\n\n<div>\n<p class=\"gb-text gb-text-a6b44167\"><strong>Service efficiency<\/strong> \u2013 reduced involvement of public officials; self-service solutions for residents<\/p>\n<\/div>\n<\/div>\n\n\n\n<div class=\"gb-element-bb6b71b7\">\n<div class=\"gb-element-627c4f08 gbp-icon-container\">\n<span class=\"gb-shape gb-shape-bc9cc582\"><svg class=\"lucide lucide-circle-check w-5 h-5 text-primary\" stroke-linejoin=\"round\" stroke-linecap=\"round\" stroke-width=\"2\" stroke=\"currentColor\" fill=\"none\" viewbox=\"0 0 24 24\" height=\"24\" width=\"24\"><circle r=\"10\" cy=\"12\" cx=\"12\"><\/circle><path d=\"m9 12 2 2 4-4\"><\/path><\/svg><\/span>\n<\/div>\n\n\n\n<div>\n<p class=\"gb-text gb-text-21727b8f\"><strong>Reducing queues<\/strong> by nearly 50% \u2013 processing of the matter at the service counter<\/p>\n<\/div>\n<\/div>\n\n\n\n<div class=\"gb-element-a300a9fa\">\n<div class=\"gb-element-dc203ea2 gbp-icon-container\">\n<span class=\"gb-shape gb-shape-b875d1f5\"><svg class=\"lucide lucide-circle-check w-5 h-5 text-primary\" stroke-linejoin=\"round\" stroke-linecap=\"round\" stroke-width=\"2\" stroke=\"currentColor\" fill=\"none\" viewbox=\"0 0 24 24\" height=\"24\" width=\"24\"><circle r=\"10\" cy=\"12\" cx=\"12\"><\/circle><path d=\"m9 12 2 2 4-4\"><\/path><\/svg><\/span>\n<\/div>\n\n\n\n<div>\n<p class=\"gb-text gb-text-b840ccf3\"><strong>Transaction security and reliability<\/strong> \u2013 real-time transaction verification in the central system<\/p>\n<\/div>\n<\/div>\n\n\n\n<div class=\"gb-element-0a806014\">\n<div class=\"gb-element-7387ce52 gbp-icon-container\">\n<span class=\"gb-shape gb-shape-38ffc7d2\"><svg class=\"lucide lucide-circle-check w-5 h-5 text-primary\" stroke-linejoin=\"round\" stroke-linecap=\"round\" stroke-width=\"2\" stroke=\"currentColor\" fill=\"none\" viewbox=\"0 0 24 24\" height=\"24\" width=\"24\"><circle r=\"10\" cy=\"12\" cx=\"12\"><\/circle><path d=\"m9 12 2 2 4-4\"><\/path><\/svg><\/span>\n<\/div>\n\n\n\n<div>\n<p class=\"gb-text gb-text-3019ae72\"><strong>Complete transaction details<\/strong> \u2013 required data on the printout and in the central system<\/p>\n<\/div>\n<\/div>\n\n\n\n<div class=\"gb-element-b41bb793\">\n<div class=\"gb-element-b000da50 gbp-icon-container\">\n<span class=\"gb-shape gb-shape-d7afac36\"><svg class=\"lucide lucide-circle-check w-5 h-5 text-primary\" stroke-linejoin=\"round\" stroke-linecap=\"round\" stroke-width=\"2\" stroke=\"currentColor\" fill=\"none\" viewbox=\"0 0 24 24\" height=\"24\" width=\"24\"><circle r=\"10\" cy=\"12\" cx=\"12\"><\/circle><path d=\"m9 12 2 2 4-4\"><\/path><\/svg><\/span>\n<\/div>\n\n\n\n<div>\n<p class=\"gb-text gb-text-ff7da20b\"><strong>Comprehensive reports<\/strong> from transactions in the selected format, e.g., CSV, MT940, XLS<\/p>\n<\/div>\n<\/div>\n\n\n\n<div class=\"gb-element-4c4fc6b0\">\n<div class=\"gb-element-67898cf4 gbp-icon-container\">\n<span class=\"gb-shape gb-shape-177a4707\"><svg class=\"lucide lucide-circle-check w-5 h-5 text-primary\" stroke-linejoin=\"round\" stroke-linecap=\"round\" stroke-width=\"2\" stroke=\"currentColor\" fill=\"none\" viewbox=\"0 0 24 24\" height=\"24\" width=\"24\"><circle r=\"10\" cy=\"12\" cx=\"12\"><\/circle><path d=\"m9 12 2 2 4-4\"><\/path><\/svg><\/span>\n<\/div>\n\n\n\n<div>\n<p class=\"gb-text gb-text-4784998e\"><strong>One Platform for All Payments<\/strong> \u2013 including subordinate units<\/p>\n<\/div>\n<\/div>\n\n\n\n<div class=\"gb-element-dc6768ff\">\n<div class=\"gb-element-fd543594 gbp-icon-container\">\n<span class=\"gb-shape gb-shape-dcc7aec4\"><svg class=\"lucide lucide-circle-check w-5 h-5 text-primary\" stroke-linejoin=\"round\" stroke-linecap=\"round\" stroke-width=\"2\" stroke=\"currentColor\" fill=\"none\" viewbox=\"0 0 24 24\" height=\"24\" width=\"24\"><circle r=\"10\" cy=\"12\" cx=\"12\"><\/circle><path d=\"m9 12 2 2 4-4\"><\/path><\/svg><\/span>\n<\/div>\n\n\n\n<div>\n<p class=\"gb-text gb-text-2ae0d1c2\"><strong>The Image of a Modern Government Office<\/strong> \u2013 modern digital tools in a resident-friendly institution<\/p>\n<\/div>\n<\/div>\n<\/div>\n<\/div>\n<\/div>\n<\/div>\n\n\n\n<div class=\"gb-element-b77c95c7\">\n<div class=\"gbp-container-inner gbp-padding-80 gb-element-72ae161f\">\n<span class=\"gb-shape gb-shape-1d973113\"><svg class=\"lucide lucide-landmark w-7 h-7 md:w-8 md:h-8 text-primary\" stroke-linejoin=\"round\" stroke-linecap=\"round\" stroke-width=\"2\" stroke=\"currentColor\" fill=\"none\" viewbox=\"0 0 24 24\" height=\"24\" width=\"24\"><line y2=\"22\" y1=\"22\" x2=\"21\" x1=\"3\"><\/line><line y2=\"11\" y1=\"18\" x2=\"6\" x1=\"6\"><\/line><line y2=\"11\" y1=\"18\" x2=\"10\" x1=\"10\"><\/line><line y2=\"11\" y1=\"18\" x2=\"14\" x1=\"14\"><\/line><line y2=\"11\" y1=\"18\" x2=\"18\" x1=\"18\"><\/line><polygon points=\"12 2 20 7 4 7\"><\/polygon><\/svg><\/span>\n\n\n\n<h2 class=\"gb-text gb-text-c4dbac5d\">Interested in <mark style=\"background-color:rgba(0, 0, 0, 0)\" class=\"has-inline-color has-custom-primary-color\">implementation?<\/mark><\/h2>\n\n\n\n<p class=\"gb-text gb-text-789a9b81\">Contact us to learn more about implementing cashless payments at your office.<\/p>\n\n\n\n<div class=\"gb-element-4e4c9662\">\n<a class=\"gb-text gbp-button-green\" href=\"\/en\/kontakt\/\">Contact with us<\/a>\n\n\n\n<a class=\"gb-text gbp-button-border\" href=\"\/en\/e-com-stp\/\">Discover the E-COM STP Platform<\/a>\n<\/div>\n<\/div>\n<\/div>","protected":false},"excerpt":{"rendered":"<p>Sektor Publiczny Cyfryzacja i p\u0142atno\u015bci bezgot\u00f3wkowe dla sektora publicznego Czym jest Platforma E-COM STP? To platforma p\u0142atnicza, dzi\u0119ki kt\u00f3rej mieszkaniec mo\u017ce szybko i samodzielnie dokona\u0107 op\u0142at urz\u0119dowych &#8211; bez logowania. E-COM STP Platforma p\u0142atno\u015bci online Dowiedz si\u0119 wi\u0119cej P\u0141ATNO\u015aCI QR Szybkie p\u0142atno\u015bci kodem QR Dowiedz si\u0119 wi\u0119cej SMART TERMINALE Samoobs\u0142ugowe miniop\u0142atomaty Dowiedz si\u0119 wi\u0119cej Jak [&hellip;]<\/p>\n","protected":false},"author":1,"featured_media":0,"parent":0,"menu_order":0,"comment_status":"closed","ping_status":"closed","template":"","meta":{"_acf_changed":false,"footnotes":""},"class_list":["post-279","page","type-page","status-publish","hentry"],"acf":[],"_links":{"self":[{"href":"https:\/\/stp-polska.pl\/en\/wp-json\/wp\/v2\/pages\/279","targetHints":{"allow":["GET"]}}],"collection":[{"href":"https:\/\/stp-polska.pl\/en\/wp-json\/wp\/v2\/pages"}],"about":[{"href":"https:\/\/stp-polska.pl\/en\/wp-json\/wp\/v2\/types\/page"}],"author":[{"embeddable":true,"href":"https:\/\/stp-polska.pl\/en\/wp-json\/wp\/v2\/users\/1"}],"replies":[{"embeddable":true,"href":"https:\/\/stp-polska.pl\/en\/wp-json\/wp\/v2\/comments?post=279"}],"version-history":[{"count":10,"href":"https:\/\/stp-polska.pl\/en\/wp-json\/wp\/v2\/pages\/279\/revisions"}],"predecessor-version":[{"id":556,"href":"https:\/\/stp-polska.pl\/en\/wp-json\/wp\/v2\/pages\/279\/revisions\/556"}],"wp:attachment":[{"href":"https:\/\/stp-polska.pl\/en\/wp-json\/wp\/v2\/media?parent=279"}],"curies":[{"name":"wp","href":"https:\/\/api.w.org\/{rel}","templated":true}]}}